{"id":17128,"date":"2025-06-29T15:59:42","date_gmt":"2025-06-29T12:59:42","guid":{"rendered":"https:\/\/americanshopjo.com\/product\/sac-fendigraphy-mini\/"},"modified":"2025-06-29T15:59:47","modified_gmt":"2025-06-29T12:59:47","slug":"sac-fendigraphy-mini","status":"publish","type":"product","link":"https:\/\/americanshopjo.com\/ar\/product\/sac-fendigraphy-mini\/","title":{"rendered":"Sac Fendigraphy mini"},"content":{"rendered":"<div class=\"mt-4\"><span class=\"definition-list-name\" style=\"text-transform: none !important\">Mesures<\/span><\/p>\n<div class=\"definition-list-value kl-additionalProperty\" style=\"text-transform: none !important\">\n<ul style=\"margin-top: 0px;margin-bottom: 1rem\">\n<li>Hauteur<span class=\"Apple-converted-space\">&nbsp;<\/span><span class=\"product-dimensions\">:<\/span><span class=\"Apple-converted-space\">&nbsp;<\/span><span class=\"product-dimensions-productHeightDimension\">13 cm<\/span><\/li>\n<li>Profondeur<span class=\"Apple-converted-space\">&nbsp;<\/span><span class=\"product-dimensions\">:<\/span><span class=\"Apple-converted-space\">&nbsp;<\/span><span class=\"product-dimensions-productDepthDimension\">7.5 cm<\/span><\/li>\n<li>Largeur<span class=\"Apple-converted-space\">&nbsp;<\/span><span class=\"product-dimensions\">:<\/span><span class=\"Apple-converted-space\">&nbsp;<\/span><span class=\"product-dimensions-productLenghtDimension\">20 cm<\/span><\/li>\n<li>Poids<span class=\"Apple-converted-space\">&nbsp;<\/span><span class=\"product-dimensions\">:<\/span><span class=\"Apple-converted-space\">&nbsp;<\/span><span class=\"product-dimensions-productWeight\">0.4 kg<\/span><\/li>\n<li>Longueur de la bandouli\u00e8re (min)<span class=\"Apple-converted-space\">&nbsp;<\/span><span class=\"product-dimensions\">:<\/span><span class=\"Apple-converted-space\">&nbsp;<\/span><span class=\"product-dimensions-productTracollaMin\">94 cm<\/span><\/li>\n<li>Longueur de la bandouli\u00e8re (max)<span class=\"Apple-converted-space\">&nbsp;<\/span><span class=\"product-dimensions\">:<\/span><span class=\"Apple-converted-space\">&nbsp;<\/span><span class=\"product-dimensions-productTracollaMax\">91 cm<\/span><\/li>\n<li>Longueur de la bandouli\u00e8re<span class=\"Apple-converted-space\">&nbsp;<\/span><span class=\"product-dimensions\">:<\/span><span class=\"Apple-converted-space\">&nbsp;<\/span><span class=\"product-dimensions-productLuceTracolla\">54.5 cm<\/span><\/li>\n<\/ul>\n<\/div>\n<\/div>","protected":false},"excerpt":{"rendered":"<p>Mesures Hauteur&nbsp;:&nbsp;13 cm Profondeur&nbsp;:&nbsp;7.5 cm Largeur&nbsp;:&nbsp;20 cm Poids&nbsp;:&nbsp;0.4 kg Longueur de la bandouli\u00e8re (min)&nbsp;:&nbsp;94 cm Longueur de la bandouli\u00e8re (max)&nbsp;:&nbsp;91 cm Longueur de la bandouli\u00e8re&nbsp;:&nbsp;54.5 cm<\/p>","protected":false},"featured_media":17126,"comment_status":"open","ping_status":"closed","template":"","meta":[],"product_cat":[383],"product_tag":[],"class_list":{"0":"post-17128","1":"product","2":"type-product","3":"status-publish","4":"has-post-thumbnail","6":"product_cat-fendi","8":"first","9":"instock","10":"shipping-taxable","11":"purchasable","12":"product-type-simple"},"_links":{"self":[{"href":"https:\/\/americanshopjo.com\/ar\/wp-json\/wp\/v2\/product\/17128","targetHints":{"allow":["GET"]}}],"collection":[{"href":"https:\/\/americanshopjo.com\/ar\/wp-json\/wp\/v2\/product"}],"about":[{"href":"https:\/\/americanshopjo.com\/ar\/wp-json\/wp\/v2\/types\/product"}],"replies":[{"embeddable":true,"href":"https:\/\/americanshopjo.com\/ar\/wp-json\/wp\/v2\/comments?post=17128"}],"version-history":[{"count":0,"href":"https:\/\/americanshopjo.com\/ar\/wp-json\/wp\/v2\/product\/17128\/revisions"}],"wp:featuredmedia":[{"embeddable":true,"href":"https:\/\/americanshopjo.com\/ar\/wp-json\/wp\/v2\/media\/17126"}],"wp:attachment":[{"href":"https:\/\/americanshopjo.com\/ar\/wp-json\/wp\/v2\/media?parent=17128"}],"wp:term":[{"taxonomy":"product_cat","embeddable":true,"href":"https:\/\/americanshopjo.com\/ar\/wp-json\/wp\/v2\/product_cat?post=17128"},{"taxonomy":"product_tag","embeddable":true,"href":"https:\/\/americanshopjo.com\/ar\/wp-json\/wp\/v2\/product_tag?post=17128"}],"curies":[{"name":"wp","href":"https:\/\/api.w.org\/{rel}","templated":true}]}}